{"id":546,"date":"2024-08-13T14:11:42","date_gmt":"2024-08-13T17:11:42","guid":{"rendered":"https:\/\/simonefachinelli.com.br\/enchante\/?page_id=546"},"modified":"2024-08-13T14:33:01","modified_gmt":"2024-08-13T17:33:01","slug":"conheca-a-historia-da-carol-ceo","status":"publish","type":"page","link":"https:\/\/simonefachinelli.com.br\/enchante\/conheca-a-historia-da-carol-ceo\/","title":{"rendered":"Conhe\u00e7a a Hist\u00f3ria da Carol, CEO"},"content":{"rendered":"\t\t<div data-elementor-type=\"wp-page\" data-elementor-id=\"546\" class=\"elementor elementor-546\" data-elementor-post-type=\"page\">\n\t\t\t\t<div class=\"elementor-element elementor-element-cf3404a e-flex e-con-boxed e-con e-parent\" data-id=\"cf3404a\" data-element_type=\"container\" data-settings=\"{&quot;background_background&quot;:&quot;classic&quot;}\">\n\t\t\t\t\t<div class=\"e-con-inner\">\n\t\t\t\t<div class=\"elementor-element elementor-element-3ab7e1c elementor-widget elementor-widget-heading\" data-id=\"3ab7e1c\" data-element_type=\"widget\" data-widget_type=\"heading.default\">\n\t\t\t\t<div class=\"elementor-widget-container\">\n\t\t\t<style>\/*! elementor - v3.23.0 - 05-08-2024 *\/\n.elementor-heading-title{padding:0;margin:0;line-height:1}.elementor-widget-heading .elementor-heading-title[class*=elementor-size-]>a{color:inherit;font-size:inherit;line-height:inherit}.elementor-widget-heading .elementor-heading-title.elementor-size-small{font-size:15px}.elementor-widget-heading .elementor-heading-title.elementor-size-medium{font-size:19px}.elementor-widget-heading .elementor-heading-title.elementor-size-large{font-size:29px}.elementor-widget-heading .elementor-heading-title.elementor-size-xl{font-size:39px}.elementor-widget-heading .elementor-heading-title.elementor-size-xxl{font-size:59px}<\/style><h2 class=\"elementor-heading-title elementor-size-default\">Quem somos<\/h2>\t\t<\/div>\n\t\t\t\t<\/div>\n\t\t\t\t<div class=\"elementor-element elementor-element-d32b150 elementor-widget elementor-widget-heading\" data-id=\"d32b150\" data-element_type=\"widget\" data-widget_type=\"heading.default\">\n\t\t\t\t<div class=\"elementor-widget-container\">\n\t\t\t<h2 class=\"elementor-heading-title elementor-size-default\">Conhe\u00e7a a Hist\u00f3ria da Carol, CEO<\/h2>\t\t<\/div>\n\t\t\t\t<\/div>\n\t\t\t\t\t<\/div>\n\t\t\t\t<\/div>\n\t\t<div class=\"elementor-element elementor-element-8ab8bd1 e-flex e-con-boxed e-con e-parent\" data-id=\"8ab8bd1\" data-element_type=\"container\">\n\t\t\t\t\t<div class=\"e-con-inner\">\n\t\t<div class=\"elementor-element elementor-element-384b1ea e-con-full e-flex elementor-invisible e-con e-child\" data-id=\"384b1ea\" data-element_type=\"container\" data-settings=\"{&quot;animation&quot;:&quot;fadeInLeft&quot;}\">\n\t\t\t\t<div class=\"elementor-element elementor-element-f2703a1 elementor-widget elementor-widget-image\" data-id=\"f2703a1\" data-element_type=\"widget\" data-widget_type=\"image.default\">\n\t\t\t\t<div class=\"elementor-widget-container\">\n\t\t\t<style>\/*! elementor - v3.23.0 - 05-08-2024 *\/\n.elementor-widget-image{text-align:center}.elementor-widget-image a{display:inline-block}.elementor-widget-image a img[src$=\".svg\"]{width:48px}.elementor-widget-image img{vertical-align:middle;display:inline-block}<\/style>\t\t\t\t\t\t\t\t\t\t<img fetchpriority=\"high\" decoding=\"async\" width=\"500\" height=\"563\" src=\"https:\/\/simonefachinelli.com.br\/enchante\/wp-content\/uploads\/2024\/08\/quem-somos-1.png\" class=\"attachment-large size-large wp-image-580\" alt=\"\" srcset=\"https:\/\/simonefachinelli.com.br\/enchante\/wp-content\/uploads\/2024\/08\/quem-somos-1.png 500w, https:\/\/simonefachinelli.com.br\/enchante\/wp-content\/uploads\/2024\/08\/quem-somos-1-266x300.png 266w\" sizes=\"(max-width: 500px) 100vw, 500px\" \/>\t\t\t\t\t\t\t\t\t\t\t\t\t<\/div>\n\t\t\t\t<\/div>\n\t\t\t\t<\/div>\n\t\t<div class=\"elementor-element elementor-element-f34b8e8 e-con-full e-flex elementor-invisible e-con e-child\" data-id=\"f34b8e8\" data-element_type=\"container\" data-settings=\"{&quot;animation&quot;:&quot;fadeInRight&quot;}\">\n\t\t\t\t<div class=\"elementor-element elementor-element-7fc575b elementor-widget elementor-widget-heading\" data-id=\"7fc575b\" data-element_type=\"widget\" data-widget_type=\"heading.default\">\n\t\t\t\t<div class=\"elementor-widget-container\">\n\t\t\t<h2 class=\"elementor-heading-title elementor-size-default\">Se voc\u00ea perguntar qual \u00e9 o diferencial da <b>Enchant\u00e9 Canad\u00e1<\/b> e por que deve nos confiar seu <b>Plano Canad\u00e1<\/b>, temos a resposta:<\/h2>\t\t<\/div>\n\t\t\t\t<\/div>\n\t\t\t\t<div class=\"elementor-element elementor-element-01ed8fd elementor-widget elementor-widget-heading\" data-id=\"01ed8fd\" data-element_type=\"widget\" data-widget_type=\"heading.default\">\n\t\t\t\t<div class=\"elementor-widget-container\">\n\t\t\t<h2 class=\"elementor-heading-title elementor-size-default\">Somos especialistas em oferecer o suporte necess\u00e1rio para a realiza\u00e7\u00e3o dos seus<b> SONHOS<\/b>! N\u00e3o \u00e9 um sonho qualquer! Hoje, sou consultora de imigra\u00e7\u00e3o credenciada, mas tudo come\u00e7ou com um sonho pessoal.<br><br>Durante minha trajet\u00f3ria, enfrentei diversos desafios burocr\u00e1ticos e exig\u00eancias da imigra\u00e7\u00e3o. Cada conquista foi resultado de um esfor\u00e7o cont\u00ednuo. Essa experi\u00eancia pr\u00e1tica, aliada ao conhecimento te\u00f3rico adquirido ao longo dos anos, me permitiu prestar um servi\u00e7o de consultoria de imigra\u00e7\u00e3o eficiente e dedicado. Trabalho com gratid\u00e3o, ajudando muitos a alcan\u00e7ar seus sonhos.<br><br>Quando come\u00e7amos o seu <b>Plano Canad\u00e1<\/b> \u2013 seja para estudar, trabalhar ou para futura resid\u00eancia permanente \u2013 eu sonho com voc\u00ea. Nossa maior preocupa\u00e7\u00e3o \u00e9 dar suporte ao seu sonho, e estaremos juntos em todas as etapas at\u00e9 o dia em que poderemos comemorar juntos essa realiza\u00e7\u00e3o.<\/h2>\t\t<\/div>\n\t\t\t\t<\/div>\n\t\t\t\t<\/div>\n\t\t\t\t\t<\/div>\n\t\t\t\t<\/div>\n\t\t<div class=\"elementor-element elementor-element-ecc6666 e-flex e-con-boxed e-con e-parent\" data-id=\"ecc6666\" data-element_type=\"container\">\n\t\t\t\t\t<div class=\"e-con-inner\">\n\t\t\t\t<div class=\"elementor-element elementor-element-30fb6db elementor-invisible elementor-widget elementor-widget-image\" data-id=\"30fb6db\" data-element_type=\"widget\" data-settings=\"{&quot;_animation&quot;:&quot;fadeIn&quot;}\" data-widget_type=\"image.default\">\n\t\t\t\t<div class=\"elementor-widget-container\">\n\t\t\t\t\t\t\t\t\t\t\t\t\t<img decoding=\"async\" width=\"33\" height=\"13\" src=\"https:\/\/simonefachinelli.com.br\/enchante\/wp-content\/uploads\/2024\/04\/icone.png\" class=\"attachment-large size-large wp-image-93\" alt=\"\" \/>\t\t\t\t\t\t\t\t\t\t\t\t\t<\/div>\n\t\t\t\t<\/div>\n\t\t\t\t<div class=\"elementor-element elementor-element-463f0b3 elementor-invisible elementor-widget elementor-widget-heading\" data-id=\"463f0b3\" data-element_type=\"widget\" data-settings=\"{&quot;_animation&quot;:&quot;fadeInUp&quot;}\" data-widget_type=\"heading.default\">\n\t\t\t\t<div class=\"elementor-widget-container\">\n\t\t\t<h2 class=\"elementor-heading-title elementor-size-default\">Se voc\u00ea pensa como Martin Luther King: <span style=\"color:#b50c0c\">\u201c<i>I have a dream<\/i>\u201d<\/span>, saiba que estou aqui para ajud\u00e1-lo a realiz\u00e1-lo! Se deseja que eu sonhe com voc\u00ea e comece a trabalhar no seu <b>Plano Canad\u00e1<\/b>, agende uma consultoria hoje mesmo para iniciarmos essa jornada.<\/h2>\t\t<\/div>\n\t\t\t\t<\/div>\n\t\t\t\t\t<\/div>\n\t\t\t\t<\/div>\n\t\t\t\t<\/div>\n\t\t","protected":false},"excerpt":{"rendered":"<p>Quem somos Conhe\u00e7a a Hist\u00f3ria da Carol, CEO Se voc\u00ea perguntar qual \u00e9 o diferencial da Enchant\u00e9 Canad\u00e1 e por que deve nos confiar seu Plano Canad\u00e1, temos a resposta: Somos especialistas em oferecer o suporte necess\u00e1rio para a realiza\u00e7\u00e3o dos seus SONHOS! N\u00e3o \u00e9 um sonho qualquer! Hoje, sou consultora de imigra\u00e7\u00e3o credenciada, mas [&hellip;]<\/p>\n","protected":false},"author":1,"featured_media":0,"parent":0,"menu_order":0,"comment_status":"closed","ping_status":"closed","template":"elementor_header_footer","meta":{"footnotes":""},"class_list":["post-546","page","type-page","status-publish","hentry"],"_links":{"self":[{"href":"https:\/\/simonefachinelli.com.br\/enchante\/wp-json\/wp\/v2\/pages\/546","targetHints":{"allow":["GET"]}}],"collection":[{"href":"https:\/\/simonefachinelli.com.br\/enchante\/wp-json\/wp\/v2\/pages"}],"about":[{"href":"https:\/\/simonefachinelli.com.br\/enchante\/wp-json\/wp\/v2\/types\/page"}],"author":[{"embeddable":true,"href":"https:\/\/simonefachinelli.com.br\/enchante\/wp-json\/wp\/v2\/users\/1"}],"replies":[{"embeddable":true,"href":"https:\/\/simonefachinelli.com.br\/enchante\/wp-json\/wp\/v2\/comments?post=546"}],"version-history":[{"count":46,"href":"https:\/\/simonefachinelli.com.br\/enchante\/wp-json\/wp\/v2\/pages\/546\/revisions"}],"predecessor-version":[{"id":596,"href":"https:\/\/simonefachinelli.com.br\/enchante\/wp-json\/wp\/v2\/pages\/546\/revisions\/596"}],"wp:attachment":[{"href":"https:\/\/simonefachinelli.com.br\/enchante\/wp-json\/wp\/v2\/media?parent=546"}],"curies":[{"name":"wp","href":"https:\/\/api.w.org\/{rel}","templated":true}]}}